{"id":1982,"date":"2026-03-05T13:28:38","date_gmt":"2026-03-05T12:28:38","guid":{"rendered":"https:\/\/askem.eu\/?page_id=1982"},"modified":"2026-03-05T14:00:23","modified_gmt":"2026-03-05T13:00:23","slug":"databfc","status":"publish","type":"page","link":"https:\/\/askem.eu\/en\/databfc\/","title":{"rendered":"DataBFC"},"content":{"rendered":"<div data-elementor-type=\"wp-page\" data-elementor-id=\"1982\" class=\"elementor elementor-1982\" data-elementor-post-type=\"page\">\n\t\t\t\t\t\t<section class=\"elementor-section elementor-top-section elementor-element elementor-element-42654cb elementor-section-boxed elementor-section-height-default elementor-section-height-default\" data-id=\"42654cb\" data-element_type=\"section\" data-e-type=\"section\">\n\t\t\t\t\t\t<div class=\"elementor-container elementor-column-gap-default\">\n\t\t\t\t\t<div class=\"elementor-column elementor-col-100 elementor-top-column elementor-element elementor-element-094fdc8\" data-id=\"094fdc8\" data-element_type=\"column\" data-e-type=\"column\">\n\t\t\t<div class=\"elementor-widget-wrap elementor-element-populated\">\n\t\t\t\t\t\t<div class=\"elementor-element elementor-element-210dccc elementor-widget elementor-widget-text-editor\" data-id=\"210dccc\" data-element_type=\"widget\" data-e-type=\"widget\" data-widget_type=\"text-editor.default\">\n\t\t\t\t<div class=\"elementor-widget-container\">\n\t\t\t\t\t\t\t\t\t<section style=\"padding: 60px 0 40px; font-family: Georgia, 'Times New Roman', serif; color: #1a1a2e; max-width: 860px; margin: 0 auto;\"><p><!-- Chapeau projet --><\/p><div style=\"border-left: 4px solid #2563eb; padding-left: 24px; margin-bottom: 40px;\"><span style=\"font-size: 0.8em; text-transform: uppercase; letter-spacing: 2px; color: #2563eb; font-family: Arial, sans-serif; font-weight: 600;\">Projet PIA en cours<\/span><h2 style=\"font-size: 2em; margin: 8px 0 12px; line-height: 1.2; color: #0f172a;\">DataBFC &amp; TID \u2014 Territoire Intelligent et Durable<\/h2><p style=\"font-size: 1.1em; line-height: 1.7; color: #374151; margin: 0;\">Laur\u00e9at du <strong>Programme d&rsquo;Investissements d&rsquo;Avenir (PIA)<\/strong>, le projet TID est port\u00e9 par la R\u00e9gion Bourgogne-Franche-Comt\u00e9 et l&rsquo;ARNIa. Il vise \u00e0 doter le territoire d&rsquo;une plateforme num\u00e9rique souveraine int\u00e9grant des donn\u00e9es issues de capteurs terrain \u2014 mobilit\u00e9, qualit\u00e9 de l&rsquo;air, bruit, fr\u00e9quentation, \u00e9nergie \u2014 et \u00e0 les valoriser au service des collectivit\u00e9s et de leurs usagers.<\/p><p style=\"font-size: 1.1em; line-height: 1.7; color: #374151; margin: 16px 0 0;\">Askem intervient en <strong>direction de projet et en AMOA<\/strong> sur l&rsquo;ensemble du cycle de vie du projet, depuis la structuration des objectifs jusqu&rsquo;au suivi op\u00e9rationnel des r\u00e9alisations.<\/p><\/div><p><!-- Bloc 1&nbsp;: Direction de projet --><\/p><div style=\"margin-bottom: 36px;\"><h3 style=\"font-size: 1.15em; text-transform: uppercase; letter-spacing: 1.5px; color: #2563eb; font-family: Arial, sans-serif; font-weight: bold; margin-bottom: 12px;\">Project Management<\/h3><p style=\"font-size: 1em; line-height: 1.8; color: #374151; margin: 0;\">Askem assure le r\u00f4le de directeur de projet op\u00e9rationnel&nbsp;: structuration de la feuille de route, organisation des \u00e9quipes et des prestataires, pilotage des arbitrages techniques et budg\u00e9taires, maintien de la coh\u00e9rence entre les briques technologiques \u2014 infrastructure, datalake, portail, outils d&rsquo;\u00e9dition et de visualisation. Ce pilotage s&rsquo;appuie sur une m\u00e9thode agile adapt\u00e9e aux projets publics complexes&nbsp;: organisation par saisons et \u00e9pisodes, suivi Gantt sur outil d\u00e9di\u00e9, reporting r\u00e9gulier aux parties prenantes institutionnelles.<\/p><\/div><p><!-- Bloc 2&nbsp;: Prototypage --><\/p><div style=\"margin-bottom: 36px;\"><h3 style=\"font-size: 1.15em; text-transform: uppercase; letter-spacing: 1.5px; color: #2563eb; font-family: Arial, sans-serif; font-weight: bold; margin-bottom: 12px;\">Prototypage &amp; conception<\/h3><p style=\"font-size: 1em; line-height: 1.8; color: #374151; margin: 0;\">En amont des d\u00e9veloppements, Askem a contribu\u00e9 \u00e0 la conception et au prototypage des services TID&nbsp;: d\u00e9finition des cas d&rsquo;usage citoyens et m\u00e9tiers, mod\u00e9lisation des flux de donn\u00e9es capteurs, sc\u00e9narisation des tableaux de bord territoriaux, cadrage des architectures techniques (datalake, clusterisation, outils d&rsquo;\u00e9dition, portail d&rsquo;exp\u00e9rimentation). Cette phase a permis de valider les choix structurants avant leur mise en \u0153uvre, en impliquant les collectivit\u00e9s partenaires et les \u00e9quipes techniques r\u00e9gionales.<\/p><\/div><p><!-- Bloc 3&nbsp;: Pilotage --><\/p><div style=\"margin-bottom: 36px;\"><h3 style=\"font-size: 1.15em; text-transform: uppercase; letter-spacing: 1.5px; color: #2563eb; font-family: Arial, sans-serif; font-weight: bold; margin-bottom: 12px;\">Pilotage<\/h3><p style=\"font-size: 1em; line-height: 1.8; color: #374151; margin: 0;\">Le suivi du projet est assur\u00e9 \u00e0 travers des outils de gestion adapt\u00e9s aux contraintes PIA&nbsp;: tableau de bord d&rsquo;avancement, analyse des \u00e9carts planning, suivi des livrables par t\u00e2che, animation des comit\u00e9s de pilotage et comit\u00e9s techniques. \u00c0 mi-parcours, plusieurs chantiers structurants \u2014 infrastructure, datalake, outils d&rsquo;\u00e9dition, portail d&rsquo;exp\u00e9rimentation \u2014 pr\u00e9sentent un avancement conforme voire en avance par rapport aux jalons pr\u00e9vus.<\/p><\/div><p><!-- Encart \u00e9cosyst\u00e8me --><\/p><div style=\"background: #f0f6ff; border-radius: 8px; padding: 24px 28px; border: 1px solid #dbeafe;\"><p style=\"font-size: 0.95em; line-height: 1.8; color: #1e3a5f; margin: 0;\"><strong>Un projet au c\u0153ur de l&rsquo;\u00e9cosyst\u00e8me num\u00e9rique r\u00e9gional.<\/strong> Le projet DataBFC TID s&rsquo;inscrit dans la continuit\u00e9 directe de la plateforme DataBFC, dont Askem assure \u00e9galement la direction de projet. Cette double intervention garantit la coh\u00e9rence entre les deux programmes&nbsp;: briques open source partag\u00e9es (CKAN, Superset, Baserow, Drupal, Node-RED\u2026), infrastructures Kubernetes mutualis\u00e9es, gouvernances data et strat\u00e9gies d&rsquo;interop\u00e9rabilit\u00e9 align\u00e9es.<\/p><\/div><\/section>\t\t\t\t\t\t\t\t<\/div>\n\t\t\t\t<\/div>\n\t\t\t\t\t<\/div>\n\t\t<\/div>\n\t\t\t\t\t<\/div>\n\t\t<\/section>\n\t\t\t\t<section class=\"elementor-section elementor-top-section elementor-element elementor-element-24b0b94 elementor-section-boxed elementor-section-height-default elementor-section-height-default\" data-id=\"24b0b94\" data-element_type=\"section\" data-e-type=\"section\">\n\t\t\t\t\t\t<div class=\"elementor-container elementor-column-gap-default\">\n\t\t\t\t\t<div class=\"elementor-column elementor-col-100 elementor-top-column elementor-element elementor-element-42e4c1c\" data-id=\"42e4c1c\" data-element_type=\"column\" data-e-type=\"column\">\n\t\t\t<div class=\"elementor-widget-wrap elementor-element-populated\">\n\t\t\t\t\t\t<div class=\"elementor-element elementor-element-4ccb2cb elementor-widget elementor-widget-video\" data-id=\"4ccb2cb\" data-element_type=\"widget\" data-e-type=\"widget\" data-settings=\"{&quot;youtube_url&quot;:&quot;https:\\\/\\\/www.youtube.com\\\/watch?v=fCWUNPEp-Nw&quot;,&quot;video_type&quot;:&quot;youtube&quot;,&quot;controls&quot;:&quot;yes&quot;}\" data-widget_type=\"video.default\">\n\t\t\t\t<div class=\"elementor-widget-container\">\n\t\t\t\t\t\t\t<div class=\"elementor-wrapper elementor-open-inline\">\n\t\t\t<div class=\"elementor-video\"><\/div>\t\t<\/div>\n\t\t\t\t\t\t<\/div>\n\t\t\t\t<\/div>\n\t\t\t\t\t<\/div>\n\t\t<\/div>\n\t\t\t\t\t<\/div>\n\t\t<\/section>\n\t\t\t\t<section class=\"elementor-section elementor-top-section elementor-element elementor-element-219f895 elementor-section-boxed elementor-section-height-default elementor-section-height-default\" data-id=\"219f895\" data-element_type=\"section\" data-e-type=\"section\">\n\t\t\t\t\t\t<div class=\"elementor-container elementor-column-gap-default\">\n\t\t\t\t\t<div class=\"elementor-column elementor-col-100 elementor-top-column elementor-element elementor-element-bef5bb1\" data-id=\"bef5bb1\" data-element_type=\"column\" data-e-type=\"column\">\n\t\t\t<div class=\"elementor-widget-wrap elementor-element-populated\">\n\t\t\t\t\t\t<div class=\"elementor-element elementor-element-c0d0401 elementor-widget elementor-widget-video\" data-id=\"c0d0401\" data-element_type=\"widget\" data-e-type=\"widget\" data-settings=\"{&quot;youtube_url&quot;:&quot;https:\\\/\\\/www.youtube.com\\\/watch?v=U39o0YYXVxk&quot;,&quot;video_type&quot;:&quot;youtube&quot;,&quot;controls&quot;:&quot;yes&quot;}\" data-widget_type=\"video.default\">\n\t\t\t\t<div class=\"elementor-widget-container\">\n\t\t\t\t\t\t\t<div class=\"elementor-wrapper elementor-open-inline\">\n\t\t\t<div class=\"elementor-video\"><\/div>\t\t<\/div>\n\t\t\t\t\t\t<\/div>\n\t\t\t\t<\/div>\n\t\t\t\t\t<\/div>\n\t\t<\/div>\n\t\t\t\t\t<\/div>\n\t\t<\/section>\n\t\t\t\t<\/div>","protected":false},"excerpt":{"rendered":"<p>Projet PIA en cours DataBFC &amp; TID \u2014 Territoire Intelligent et Durable Laur\u00e9at du Programme d&rsquo;Investissements d&rsquo;Avenir (PIA), le projet TID est port\u00e9 par la R\u00e9gion Bourgogne-Franche-Comt\u00e9 et l&rsquo;ARNIa. Il vise \u00e0 doter le territoire d&rsquo;une plateforme num\u00e9rique souveraine int\u00e9grant des donn\u00e9es issues de capteurs terrain \u2014 mobilit\u00e9, qualit\u00e9 de l&rsquo;air, bruit, fr\u00e9quentation, \u00e9nergie \u2014 [&hellip;]<\/p>\n","protected":false},"author":1,"featured_media":0,"parent":0,"menu_order":0,"comment_status":"closed","ping_status":"closed","template":"","meta":{"ocean_post_layout":"","ocean_both_sidebars_style":"","ocean_both_sidebars_content_width":0,"ocean_both_sidebars_sidebars_width":0,"ocean_sidebar":"","ocean_second_sidebar":"","ocean_disable_margins":"enable","ocean_add_body_class":"","ocean_shortcode_before_top_bar":"","ocean_shortcode_after_top_bar":"","ocean_shortcode_before_header":"","ocean_shortcode_after_header":"","ocean_has_shortcode":"","ocean_shortcode_after_title":"","ocean_shortcode_before_footer_widgets":"","ocean_shortcode_after_footer_widgets":"","ocean_shortcode_before_footer_bottom":"","ocean_shortcode_after_footer_bottom":"","ocean_display_top_bar":"default","ocean_display_header":"default","ocean_header_style":"","ocean_center_header_left_menu":"","ocean_custom_header_template":"","ocean_custom_logo":0,"ocean_custom_retina_logo":0,"ocean_custom_logo_max_width":0,"ocean_custom_logo_tablet_max_width":0,"ocean_custom_logo_mobile_max_width":0,"ocean_custom_logo_max_height":0,"ocean_custom_logo_tablet_max_height":0,"ocean_custom_logo_mobile_max_height":0,"ocean_header_custom_menu":"","ocean_menu_typo_font_family":"","ocean_menu_typo_font_subset":"","ocean_menu_typo_font_size":0,"ocean_menu_typo_font_size_tablet":0,"ocean_menu_typo_font_size_mobile":0,"ocean_menu_typo_font_size_unit":"px","ocean_menu_typo_font_weight":"","ocean_menu_typo_font_weight_tablet":"","ocean_menu_typo_font_weight_mobile":"","ocean_menu_typo_transform":"","ocean_menu_typo_transform_tablet":"","ocean_menu_typo_transform_mobile":"","ocean_menu_typo_line_height":0,"ocean_menu_typo_line_height_tablet":0,"ocean_menu_typo_line_height_mobile":0,"ocean_menu_typo_line_height_unit":"","ocean_menu_typo_spacing":0,"ocean_menu_typo_spacing_tablet":0,"ocean_menu_typo_spacing_mobile":0,"ocean_menu_typo_spacing_unit":"","ocean_menu_link_color":"","ocean_menu_link_color_hover":"","ocean_menu_link_color_active":"","ocean_menu_link_background":"","ocean_menu_link_hover_background":"","ocean_menu_link_active_background":"","ocean_menu_social_links_bg":"","ocean_menu_social_hover_links_bg":"","ocean_menu_social_links_color":"","ocean_menu_social_hover_links_color":"","ocean_disable_title":"default","ocean_disable_heading":"default","ocean_post_title":"","ocean_post_subheading":"","ocean_post_title_style":"","ocean_post_title_background_color":"","ocean_post_title_background":0,"ocean_post_title_bg_image_position":"","ocean_post_title_bg_image_attachment":"","ocean_post_title_bg_image_repeat":"","ocean_post_title_bg_image_size":"","ocean_post_title_height":0,"ocean_post_title_bg_overlay":0.5,"ocean_post_title_bg_overlay_color":"","ocean_disable_breadcrumbs":"default","ocean_breadcrumbs_color":"","ocean_breadcrumbs_separator_color":"","ocean_breadcrumbs_links_color":"","ocean_breadcrumbs_links_hover_color":"","ocean_display_footer_widgets":"default","ocean_display_footer_bottom":"default","ocean_custom_footer_template":"","osh_disable_topbar_sticky":"default","osh_disable_header_sticky":"default","osh_sticky_header_style":"default","osh_sticky_header_effect":"","osh_custom_sticky_logo":0,"osh_custom_retina_sticky_logo":0,"osh_custom_sticky_logo_height":0,"osh_background_color":"","osh_links_color":"","osh_links_hover_color":"","osh_links_active_color":"","osh_links_bg_color":"","osh_links_hover_bg_color":"","osh_links_active_bg_color":"","osh_menu_social_links_color":"","osh_menu_social_hover_links_color":"","footnotes":""},"class_list":["post-1982","page","type-page","status-publish","hentry","entry"],"yoast_head":"<!-- This site is optimized with the Yoast SEO plugin v27.4 - https:\/\/yoast.com\/product\/yoast-seo-wordpress\/ -->\n<title>DataBFC - askem<\/title>\n<meta name=\"description\" content=\"ASKEM BUREAU D&#039;\u00c9TUDES ET DE FORMATION NUM\u00c9RIQUE. Nous vous assistons dans la transformation num\u00e9rique de vos outils, services et organisations tout en pla\u00e7ant l\u2019humain au c\u0153ur de notre d\u00e9marche d\u2019accompagnement.\" \/>\n<meta name=\"robots\" content=\"index, follow, max-snippet:-1, max-image-preview:large, max-video-preview:-1\" \/>\n<link rel=\"canonical\" href=\"https:\/\/askem.eu\/en\/databfc\/\" \/>\n<meta property=\"og:locale\" content=\"en_US\" \/>\n<meta property=\"og:type\" content=\"article\" \/>\n<meta property=\"og:title\" content=\"DataBFC - askem\" \/>\n<meta property=\"og:description\" content=\"ASKEM BUREAU D&#039;\u00c9TUDES ET DE FORMATION NUM\u00c9RIQUE. Nous vous assistons dans la transformation num\u00e9rique de vos outils, services et organisations tout en pla\u00e7ant l\u2019humain au c\u0153ur de notre d\u00e9marche d\u2019accompagnement.\" \/>\n<meta property=\"og:url\" content=\"https:\/\/askem.eu\/en\/databfc\/\" \/>\n<meta property=\"og:site_name\" content=\"askem\" \/>\n<meta property=\"article:publisher\" content=\"https:\/\/fb.me\/askem.eu\" \/>\n<meta property=\"article:modified_time\" content=\"2026-03-05T13:00:23+00:00\" \/>\n<meta property=\"og:image\" content=\"https:\/\/mlpi0fxo3sth.i.optimole.com\/cb:3obA.c61\/w:auto\/h:auto\/q:mauto\/f:best\/https:\/\/askem.eu\/wp-content\/uploads\/2020\/09\/Logo-askem-final-blanc.png\" \/>\n\t<meta property=\"og:image:width\" content=\"1417\" \/>\n\t<meta property=\"og:image:height\" content=\"389\" \/>\n\t<meta property=\"og:image:type\" content=\"image\/png\" \/>\n<meta name=\"twitter:card\" content=\"summary_large_image\" \/>\n<meta name=\"twitter:label1\" content=\"Est. reading time\" \/>\n\t<meta name=\"twitter:data1\" content=\"2 minutes\" \/>\n<script type=\"application\/ld+json\" class=\"yoast-schema-graph\">{\"@context\":\"https:\\\/\\\/schema.org\",\"@graph\":[{\"@type\":\"WebPage\",\"@id\":\"https:\\\/\\\/askem.eu\\\/databfc\\\/\",\"url\":\"https:\\\/\\\/askem.eu\\\/databfc\\\/\",\"name\":\"DataBFC - askem\",\"isPartOf\":{\"@id\":\"https:\\\/\\\/askem.eu\\\/#website\"},\"datePublished\":\"2026-03-05T12:28:38+00:00\",\"dateModified\":\"2026-03-05T13:00:23+00:00\",\"description\":\"ASKEM BUREAU D'\u00c9TUDES ET DE FORMATION NUM\u00c9RIQUE. Nous vous assistons dans la transformation num\u00e9rique de vos outils, services et organisations tout en pla\u00e7ant l\u2019humain au c\u0153ur de notre d\u00e9marche d\u2019accompagnement.\",\"breadcrumb\":{\"@id\":\"https:\\\/\\\/askem.eu\\\/databfc\\\/#breadcrumb\"},\"inLanguage\":\"en-US\",\"potentialAction\":[{\"@type\":\"ReadAction\",\"target\":[\"https:\\\/\\\/askem.eu\\\/databfc\\\/\"]}]},{\"@type\":\"BreadcrumbList\",\"@id\":\"https:\\\/\\\/askem.eu\\\/databfc\\\/#breadcrumb\",\"itemListElement\":[{\"@type\":\"ListItem\",\"position\":1,\"name\":\"Accueil\",\"item\":\"https:\\\/\\\/askem.eu\\\/\"},{\"@type\":\"ListItem\",\"position\":2,\"name\":\"DataBFC\"}]},{\"@type\":\"WebSite\",\"@id\":\"https:\\\/\\\/askem.eu\\\/#website\",\"url\":\"https:\\\/\\\/askem.eu\\\/\",\"name\":\"askem\",\"description\":\"\",\"publisher\":{\"@id\":\"https:\\\/\\\/askem.eu\\\/#organization\"},\"potentialAction\":[{\"@type\":\"SearchAction\",\"target\":{\"@type\":\"EntryPoint\",\"urlTemplate\":\"https:\\\/\\\/askem.eu\\\/?s={search_term_string}\"},\"query-input\":{\"@type\":\"PropertyValueSpecification\",\"valueRequired\":true,\"valueName\":\"search_term_string\"}}],\"inLanguage\":\"en-US\"},{\"@type\":\"Organization\",\"@id\":\"https:\\\/\\\/askem.eu\\\/#organization\",\"name\":\"Askem\",\"url\":\"https:\\\/\\\/askem.eu\\\/\",\"logo\":{\"@type\":\"ImageObject\",\"inLanguage\":\"en-US\",\"@id\":\"https:\\\/\\\/askem.eu\\\/#\\\/schema\\\/logo\\\/image\\\/\",\"url\":\"https:\\/\\/mlpi0fxo3sth.i.optimole.com\\/cb:3obA.c61\\/w:760\\/h:480\\/q:mauto\\/f:best\\/https:\\/\\/askem.eu\\/wp-content\\/uploads\\/2020\\/10\\/logoGalaxieAskem3.png\",\"contentUrl\":\"https:\\/\\/mlpi0fxo3sth.i.optimole.com\\/cb:3obA.c61\\/w:760\\/h:480\\/q:mauto\\/f:best\\/https:\\/\\/askem.eu\\/wp-content\\/uploads\\/2020\\/10\\/logoGalaxieAskem3.png\",\"width\":760,\"height\":480,\"caption\":\"Askem\"},\"image\":{\"@id\":\"https:\\\/\\\/askem.eu\\\/#\\\/schema\\\/logo\\\/image\\\/\"},\"sameAs\":[\"https:\\\/\\\/fb.me\\\/askem.eu\",\"https:\\\/\\\/linkedin.com\\\/company\\\/askem-eu\"]}]}<\/script>\n<!-- \/ Yoast SEO plugin. -->","yoast_head_json":{"title":"DataBFC - askem","description":"ASKEM BUREAU D'\u00c9TUDES ET DE FORMATION NUM\u00c9RIQUE. Nous vous assistons dans la transformation num\u00e9rique de vos outils, services et organisations tout en pla\u00e7ant l\u2019humain au c\u0153ur de notre d\u00e9marche d\u2019accompagnement.","robots":{"index":"index","follow":"follow","max-snippet":"max-snippet:-1","max-image-preview":"max-image-preview:large","max-video-preview":"max-video-preview:-1"},"canonical":"https:\/\/askem.eu\/en\/databfc\/","og_locale":"en_US","og_type":"article","og_title":"DataBFC - askem","og_description":"ASKEM BUREAU D'\u00c9TUDES ET DE FORMATION NUM\u00c9RIQUE. Nous vous assistons dans la transformation num\u00e9rique de vos outils, services et organisations tout en pla\u00e7ant l\u2019humain au c\u0153ur de notre d\u00e9marche d\u2019accompagnement.","og_url":"https:\/\/askem.eu\/en\/databfc\/","og_site_name":"askem","article_publisher":"https:\/\/fb.me\/askem.eu","article_modified_time":"2026-03-05T13:00:23+00:00","og_image":[{"width":1417,"height":389,"url":"https:\/\/mlpi0fxo3sth.i.optimole.com\/cb:3obA.c61\/w:auto\/h:auto\/q:mauto\/f:best\/https:\/\/askem.eu\/wp-content\/uploads\/2020\/09\/Logo-askem-final-blanc.png","type":"image\/png"}],"twitter_card":"summary_large_image","twitter_misc":{"Est. reading time":"2 minutes"},"schema":{"@context":"https:\/\/schema.org","@graph":[{"@type":"WebPage","@id":"https:\/\/askem.eu\/databfc\/","url":"https:\/\/askem.eu\/databfc\/","name":"DataBFC - askem","isPartOf":{"@id":"https:\/\/askem.eu\/#website"},"datePublished":"2026-03-05T12:28:38+00:00","dateModified":"2026-03-05T13:00:23+00:00","description":"ASKEM BUREAU D'\u00c9TUDES ET DE FORMATION NUM\u00c9RIQUE. Nous vous assistons dans la transformation num\u00e9rique de vos outils, services et organisations tout en pla\u00e7ant l\u2019humain au c\u0153ur de notre d\u00e9marche d\u2019accompagnement.","breadcrumb":{"@id":"https:\/\/askem.eu\/databfc\/#breadcrumb"},"inLanguage":"en-US","potentialAction":[{"@type":"ReadAction","target":["https:\/\/askem.eu\/databfc\/"]}]},{"@type":"BreadcrumbList","@id":"https:\/\/askem.eu\/databfc\/#breadcrumb","itemListElement":[{"@type":"ListItem","position":1,"name":"Accueil","item":"https:\/\/askem.eu\/"},{"@type":"ListItem","position":2,"name":"DataBFC"}]},{"@type":"WebSite","@id":"https:\/\/askem.eu\/#website","url":"https:\/\/askem.eu\/","name":"askem","description":"","publisher":{"@id":"https:\/\/askem.eu\/#organization"},"potentialAction":[{"@type":"SearchAction","target":{"@type":"EntryPoint","urlTemplate":"https:\/\/askem.eu\/?s={search_term_string}"},"query-input":{"@type":"PropertyValueSpecification","valueRequired":true,"valueName":"search_term_string"}}],"inLanguage":"en-US"},{"@type":"Organization","@id":"https:\/\/askem.eu\/#organization","name":"Askem","url":"https:\/\/askem.eu\/","logo":{"@type":"ImageObject","inLanguage":"en-US","@id":"https:\/\/askem.eu\/#\/schema\/logo\/image\/","url":"https:\/\/mlpi0fxo3sth.i.optimole.com\/cb:3obA.c61\/w:760\/h:480\/q:mauto\/f:best\/https:\/\/askem.eu\/wp-content\/uploads\/2020\/10\/logoGalaxieAskem3.png","contentUrl":"https:\/\/mlpi0fxo3sth.i.optimole.com\/cb:3obA.c61\/w:760\/h:480\/q:mauto\/f:best\/https:\/\/askem.eu\/wp-content\/uploads\/2020\/10\/logoGalaxieAskem3.png","width":760,"height":480,"caption":"Askem"},"image":{"@id":"https:\/\/askem.eu\/#\/schema\/logo\/image\/"},"sameAs":["https:\/\/fb.me\/askem.eu","https:\/\/linkedin.com\/company\/askem-eu"]}]}},"_links":{"self":[{"href":"https:\/\/askem.eu\/en\/wp-json\/wp\/v2\/pages\/1982","targetHints":{"allow":["GET"]}}],"collection":[{"href":"https:\/\/askem.eu\/en\/wp-json\/wp\/v2\/pages"}],"about":[{"href":"https:\/\/askem.eu\/en\/wp-json\/wp\/v2\/types\/page"}],"author":[{"embeddable":true,"href":"https:\/\/askem.eu\/en\/wp-json\/wp\/v2\/users\/1"}],"replies":[{"embeddable":true,"href":"https:\/\/askem.eu\/en\/wp-json\/wp\/v2\/comments?post=1982"}],"version-history":[{"count":10,"href":"https:\/\/askem.eu\/en\/wp-json\/wp\/v2\/pages\/1982\/revisions"}],"predecessor-version":[{"id":2004,"href":"https:\/\/askem.eu\/en\/wp-json\/wp\/v2\/pages\/1982\/revisions\/2004"}],"wp:attachment":[{"href":"https:\/\/askem.eu\/en\/wp-json\/wp\/v2\/media?parent=1982"}],"curies":[{"name":"wp","href":"https:\/\/api.w.org\/{rel}","templated":true}]}}